{"id":70,"date":"2020-09-18T07:23:24","date_gmt":"2020-09-18T07:23:24","guid":{"rendered":"https:\/\/shtheme.org\/demosd\/agroly\/?page_id=70"},"modified":"2023-01-31T19:24:32","modified_gmt":"2023-01-31T19:24:32","slug":"servicios","status":"publish","type":"page","link":"https:\/\/wepackcolombianfruits.com\/en\/servicios\/","title":{"rendered":"Services"},"content":{"rendered":"<div data-elementor-type=\"wp-post\" data-elementor-id=\"70\" class=\"elementor elementor-70\" data-elementor-post-type=\"page\">\n\t\t\t\t\t\t\t\t\t<section class=\"elementor-section elementor-top-section elementor-element elementor-element-fac8a93 elementor-section-full_width elementor-section-height-default elementor-section-height-default\" data-id=\"fac8a93\" data-element_type=\"section\">\n\t\t\t\t\t\t<div class=\"elementor-container elementor-column-gap-no\">\n\t\t\t\t\t<div class=\"elementor-column elementor-col-100 elementor-top-column elementor-element elementor-element-30632f1\" data-id=\"30632f1\" data-element_type=\"column\">\n\t\t\t<div class=\"elementor-widget-wrap elementor-element-populated\">\n\t\t\t\t\t\t\t\t<div class=\"elementor-element elementor-element-55c4c13 elementor-align-left elementor-widget elementor-widget-about-page-header\" data-id=\"55c4c13\" data-element_type=\"widget\" data-widget_type=\"about-page-header.default\">\n\t\t\t\t<div class=\"elementor-widget-container\">\n\t\t\t\r\n\t\t\t\t<div class=\"pages-hero\" style=\"background-image: url(https:\/\/wepackcolombianfruits.com\/wp-content\/uploads\/2023\/01\/services-1.png);\">\r\n\t\t\r\n\t\t\t<div class=\"container\">\r\n\r\n\t\t\t\t<div class=\"pages-title\">\r\n\r\n\t\t\t\t\t\t\t\t\t\t<h1>Services<\/h1>\r\n\t\t\t\t\t\r\n\t\t\t\t\t<div class=\"page-nav\">\r\n\r\n\t\t\t\t\t\t\t\t\t\t\t\t\t<p><a href=\"https:\/\/wepackcolombianfruits.com\/en\/\">Home<\/a> &nbsp; | &nbsp; <a>Services<\/a><\/p>\r\n\t\t\t\t\t\t\r\n\t\t\t\t\t<\/div>\r\n\r\n\t\t\t\t<\/div>\r\n\r\n\t\t\t<\/div>  \r\n\r\n\t\t<\/div>\r\n\r\n\t\t\t<\/div>\n\t\t\t\t<\/div>\n\t\t\t\t\t<\/div>\n\t\t<\/div>\n\t\t\t\t\t\t\t<\/div>\n\t\t<\/section>\n\t\t\t\t<section class=\"elementor-section elementor-top-section elementor-element elementor-element-67382fb elementor-section-full_width elementor-section-height-default elementor-section-height-default\" data-id=\"67382fb\" data-element_type=\"section\">\n\t\t\t\t\t\t<div class=\"elementor-container elementor-column-gap-no\">\n\t\t\t\t\t<div class=\"elementor-column elementor-col-100 elementor-top-column elementor-element elementor-element-cec2ddc\" data-id=\"cec2ddc\" data-element_type=\"column\">\n\t\t\t<div class=\"elementor-widget-wrap elementor-element-populated\">\n\t\t\t\t\t\t\t\t<div class=\"elementor-element elementor-element-ba69bfe elementor-align-center elementor-widget elementor-widget-home-3-services\" data-id=\"ba69bfe\" data-element_type=\"widget\" data-widget_type=\"home-3-services.default\">\n\t\t\t\t<div class=\"elementor-widget-container\">\n\t\t\t\r\n\t\t<div class=\"container mt-5 mb-5\"> \r\n\t\t\t<div class=\"layer-title text-center\">\r\n\r\n\t\t\t\t\t\t\t\t<h2>Our <span class=\"light-text\">Services<\/span><\/h2>\r\n\t\t\t\t\r\n\t\t\t\t\t\t\t\t<p>The export of the Hass avocado is the largest generator of value, therefore <strong>Valley We Pack Colombian Fruits S. A. S.<\/strong> presents a direct channel of export, where you deliver your product to the most demanding markets of the world, allowing returns fair to the farmers.<\/p>\r\n\t\t\t\t\r\n\t\t\t<\/div>\r\n\t\t\t<div class=\"row\"> \r\n\t\t\t\t\t\t\t\t\t<div class=\"col-md-6 col-lg-4\"> \r\n\t\t\t\t\t\t<div class=\"service-box\">\r\n\t\t\t\t\t\t\t\t\t\t\t\t\t\t<figure class=\"sb-icon\">\r\n\t\t\t\t\t\t\t\t<img decoding=\"async\" src=\"https:\/\/wepackcolombianfruits.com\/wp-content\/uploads\/2023\/01\/picking.png\" alt=\"\">\r\n\t\t\t\t\t\t\t<\/figure>\r\n\t\t\t\t\t\t\t\t\t\t\t\t\t\t<div class=\"sb-caption\">\r\n\t\t\t\t\t\t\t\t\t\t\t\t\t\t\t\t\t\t\t\t\t\t\t\t<p>Sales of Services in Logistics, Picking, Packing of Fruits.<\/p>\r\n\t\t\t\t\t\t\t\t\t\t\t\t\t\t\t<\/div>\r\n\t\t\t\t\t\t<\/div>\r\n\t\t\t\t\t<\/div> \r\n\t\t\t\t\t\t\t\t\t<div class=\"col-md-6 col-lg-4\"> \r\n\t\t\t\t\t\t<div class=\"service-box\">\r\n\t\t\t\t\t\t\t\t\t\t\t\t\t\t<figure class=\"sb-icon\">\r\n\t\t\t\t\t\t\t\t<img decoding=\"async\" src=\"https:\/\/wepackcolombianfruits.com\/wp-content\/uploads\/2023\/01\/cosecha.png\" alt=\"\">\r\n\t\t\t\t\t\t\t<\/figure>\r\n\t\t\t\t\t\t\t\t\t\t\t\t\t\t<div class=\"sb-caption\">\r\n\t\t\t\t\t\t\t\t\t\t\t\t\t\t\t\t\t\t\t\t\t\t\t\t<p>Logistical solutions for Post-harvest of Fruits and more Fruits Healthy Agroindustrialmente<\/p>\r\n\t\t\t\t\t\t\t\t\t\t\t\t\t\t\t<\/div>\r\n\t\t\t\t\t\t<\/div>\r\n\t\t\t\t\t<\/div> \r\n\t\t\t\t\t\t\t\t\t<div class=\"col-md-6 col-lg-4\"> \r\n\t\t\t\t\t\t<div class=\"service-box\">\r\n\t\t\t\t\t\t\t\t\t\t\t\t\t\t<figure class=\"sb-icon\">\r\n\t\t\t\t\t\t\t\t<img decoding=\"async\" src=\"https:\/\/wepackcolombianfruits.com\/wp-content\/uploads\/2023\/01\/frio.png\" alt=\"\">\r\n\t\t\t\t\t\t\t<\/figure>\r\n\t\t\t\t\t\t\t\t\t\t\t\t\t\t<div class=\"sb-caption\">\r\n\t\t\t\t\t\t\t\t\t\t\t\t\t\t\t\t\t\t\t\t\t\t\t\t<p>We offer Rental services of Cold, to store your Fresh produce.<\/p>\r\n\t\t\t\t\t\t\t\t\t\t\t\t\t\t\t<\/div>\r\n\t\t\t\t\t\t<\/div>\r\n\t\t\t\t\t<\/div> \r\n\t\t\t\t\t\t\t\t\t<div class=\"col-md-6 col-lg-4\"> \r\n\t\t\t\t\t\t<div class=\"service-box\">\r\n\t\t\t\t\t\t\t\t\t\t\t\t\t\t<figure class=\"sb-icon\">\r\n\t\t\t\t\t\t\t\t<img decoding=\"async\" src=\"https:\/\/wepackcolombianfruits.com\/wp-content\/uploads\/2023\/01\/carnicero.png\" alt=\"\">\r\n\t\t\t\t\t\t\t<\/figure>\r\n\t\t\t\t\t\t\t\t\t\t\t\t\t\t<div class=\"sb-caption\">\r\n\t\t\t\t\t\t\t\t\t\t\t\t\t\t\t\t\t\t\t\t\t\t\t\t<p>Combine specialty coffee<\/p>\r\n\t\t\t\t\t\t\t\t\t\t\t\t\t\t\t<\/div>\r\n\t\t\t\t\t\t<\/div>\r\n\t\t\t\t\t<\/div> \r\n\t\t\t\t\t\t\t\t\t<div class=\"col-md-6 col-lg-4\"> \r\n\t\t\t\t\t\t<div class=\"service-box\">\r\n\t\t\t\t\t\t\t\t\t\t\t\t\t\t<figure class=\"sb-icon\">\r\n\t\t\t\t\t\t\t\t<img decoding=\"async\" src=\"https:\/\/wepackcolombianfruits.com\/wp-content\/uploads\/2023\/01\/mayorista.png\" alt=\"\">\r\n\t\t\t\t\t\t\t<\/figure>\r\n\t\t\t\t\t\t\t\t\t\t\t\t\t\t<div class=\"sb-caption\">\r\n\t\t\t\t\t\t\t\t\t\t\t\t\t\t\t\t\t\t\t\t\t\t\t\t<p>Distribution centers CEDIS<\/p>\r\n\t\t\t\t\t\t\t\t\t\t\t\t\t\t\t<\/div>\r\n\t\t\t\t\t\t<\/div>\r\n\t\t\t\t\t<\/div> \r\n\t\t\t\t\t\t\t\t\t<div class=\"col-md-6 col-lg-4\"> \r\n\t\t\t\t\t\t<div class=\"service-box\">\r\n\t\t\t\t\t\t\t\t\t\t\t\t\t\t<figure class=\"sb-icon\">\r\n\t\t\t\t\t\t\t\t<img decoding=\"async\" src=\"https:\/\/wepackcolombianfruits.com\/wp-content\/uploads\/2023\/01\/bascula.png\" alt=\"\">\r\n\t\t\t\t\t\t\t<\/figure>\r\n\t\t\t\t\t\t\t\t\t\t\t\t\t\t<div class=\"sb-caption\">\r\n\t\t\t\t\t\t\t\t\t\t\t\t\t\t\t\t\t\t\t\t\t\t\t\t<p>Service Scale and\/or Related Services.<\/p>\r\n\t\t\t\t\t\t\t\t\t\t\t\t\t\t\t<\/div>\r\n\t\t\t\t\t\t<\/div>\r\n\t\t\t\t\t<\/div> \r\n\t\t\t\t\t\t\t<\/div> \r\n\t\t<\/div>\r\n\r\n\t\t\t<\/div>\n\t\t\t\t<\/div>\n\t\t\t\t\t<\/div>\n\t\t<\/div>\n\t\t\t\t\t\t\t<\/div>\n\t\t<\/section>\n\t\t\t\t<section class=\"elementor-section elementor-top-section elementor-element elementor-element-2cbe6e3 elementor-section-boxed elementor-section-height-default elementor-section-height-default\" data-id=\"2cbe6e3\" data-element_type=\"section\">\n\t\t\t\t\t\t<div class=\"elementor-container elementor-column-gap-default\">\n\t\t\t\t\t<div class=\"elementor-column elementor-col-100 elementor-top-column elementor-element elementor-element-1200ef8\" data-id=\"1200ef8\" data-element_type=\"column\">\n\t\t\t<div class=\"elementor-widget-wrap elementor-element-populated\">\n\t\t\t\t\t\t\t\t<div class=\"elementor-element elementor-element-f51ad47 elementor-widget elementor-widget-image\" data-id=\"f51ad47\" data-element_type=\"widget\" data-widget_type=\"image.default\">\n\t\t\t\t<div class=\"elementor-widget-container\">\n\t\t\t\t\t\t\t\t\t\t\t\t\t\t\t<img loading=\"lazy\" decoding=\"async\" width=\"900\" height=\"510\" src=\"https:\/\/wepackcolombianfruits.com\/wp-content\/uploads\/2023\/01\/Imagen1-1024x580.png\" class=\"attachment-large size-large wp-image-1368\" alt=\"\" srcset=\"https:\/\/wepackcolombianfruits.com\/wp-content\/uploads\/2023\/01\/Imagen1-1024x580.png 1024w, https:\/\/wepackcolombianfruits.com\/wp-content\/uploads\/2023\/01\/Imagen1-300x170.png 300w, https:\/\/wepackcolombianfruits.com\/wp-content\/uploads\/2023\/01\/Imagen1-768x435.png 768w, https:\/\/wepackcolombianfruits.com\/wp-content\/uploads\/2023\/01\/Imagen1-1536x870.png 1536w, https:\/\/wepackcolombianfruits.com\/wp-content\/uploads\/2023\/01\/Imagen1-2048x1160.png 2048w, https:\/\/wepackcolombianfruits.com\/wp-content\/uploads\/2023\/01\/Imagen1-18x10.png 18w\" sizes=\"auto, (max-width: 900px) 100vw, 900px\" \/>\t\t\t\t\t\t\t\t\t\t\t\t\t\t\t<\/div>\n\t\t\t\t<\/div>\n\t\t\t\t\t<\/div>\n\t\t<\/div>\n\t\t\t\t\t\t\t<\/div>\n\t\t<\/section>\n\t\t\t\t\t\t\t<\/div>","protected":false},"excerpt":{"rendered":"<p>Servicios Home &nbsp; | &nbsp; Servicios Nuestros Servicios La exportaci\u00f3n del aguacate Hass es el mayor generador de valor, por ello Valley We Pack Colombian Fruits S.A.S. presenta un canal directo de exportaci\u00f3n, donde entrega su producto a los mercados m\u00e1s exigentes del mundo, permitiendo retornos justos a los agricultores. Ventas de Servicios Log\u00edsticos, de [&hellip;]<\/p>","protected":false},"author":1,"featured_media":0,"parent":0,"menu_order":0,"comment_status":"closed","ping_status":"closed","template":"page-templates\/home.php","meta":{"inline_featured_image":false,"_joinchat":[],"footnotes":""},"class_list":["post-70","page","type-page","status-publish","hentry"],"_links":{"self":[{"href":"https:\/\/wepackcolombianfruits.com\/en\/wp-json\/wp\/v2\/pages\/70","targetHints":{"allow":["GET"]}}],"collection":[{"href":"https:\/\/wepackcolombianfruits.com\/en\/wp-json\/wp\/v2\/pages"}],"about":[{"href":"https:\/\/wepackcolombianfruits.com\/en\/wp-json\/wp\/v2\/types\/page"}],"author":[{"embeddable":true,"href":"https:\/\/wepackcolombianfruits.com\/en\/wp-json\/wp\/v2\/users\/1"}],"replies":[{"embeddable":true,"href":"https:\/\/wepackcolombianfruits.com\/en\/wp-json\/wp\/v2\/comments?post=70"}],"version-history":[{"count":47,"href":"https:\/\/wepackcolombianfruits.com\/en\/wp-json\/wp\/v2\/pages\/70\/revisions"}],"predecessor-version":[{"id":1371,"href":"https:\/\/wepackcolombianfruits.com\/en\/wp-json\/wp\/v2\/pages\/70\/revisions\/1371"}],"wp:attachment":[{"href":"https:\/\/wepackcolombianfruits.com\/en\/wp-json\/wp\/v2\/media?parent=70"}],"curies":[{"name":"wp","href":"https:\/\/api.w.org\/{rel}","templated":true}]}}