{"id":74,"date":"2020-09-18T07:28:39","date_gmt":"2020-09-18T07:28:39","guid":{"rendered":"https:\/\/shtheme.org\/demosd\/agroly\/?page_id=74"},"modified":"2023-03-21T15:12:18","modified_gmt":"2023-03-21T15:12:18","slug":"politica-de-privacidad","status":"publish","type":"page","link":"https:\/\/wepackcolombianfruits.com\/en\/politica-de-privacidad\/","title":{"rendered":"Politica de privacidad"},"content":{"rendered":"<div data-elementor-type=\"wp-post\" data-elementor-id=\"74\" class=\"elementor elementor-74\" data-elementor-post-type=\"page\">\n\t\t\t\t\t\t\t\t\t<section class=\"elementor-section elementor-top-section elementor-element elementor-element-02b55d2 elementor-section-full_width elementor-section-height-default elementor-section-height-default\" data-id=\"02b55d2\" data-element_type=\"section\">\n\t\t\t\t\t\t<div class=\"elementor-container elementor-column-gap-no\">\n\t\t\t\t\t<div class=\"elementor-column elementor-col-100 elementor-top-column elementor-element elementor-element-bd3336e\" data-id=\"bd3336e\" data-element_type=\"column\">\n\t\t\t<div class=\"elementor-widget-wrap elementor-element-populated\">\n\t\t\t\t\t\t\t\t<div class=\"elementor-element elementor-element-ffd70a8 elementor-align-left elementor-widget elementor-widget-about-page-header\" data-id=\"ffd70a8\" data-element_type=\"widget\" data-widget_type=\"about-page-header.default\">\n\t\t\t\t<div class=\"elementor-widget-container\">\n\t\t\t\r\n\t\t\t\t<div class=\"pages-hero\" style=\"background-image: url(https:\/\/wepackcolombianfruits.com\/wp-content\/uploads\/2023\/03\/pdp-scaled.webp);\">\r\n\t\t\r\n\t\t\t<div class=\"container\">\r\n\r\n\t\t\t\t<div class=\"pages-title\">\r\n\r\n\t\t\t\t\t\t\t\t\t\t<h1>Privacy policy<\/h1>\r\n\t\t\t\t\t\r\n\t\t\t\t\t<div class=\"page-nav\">\r\n\r\n\t\t\t\t\t\t\t\t\t\t\t\t\t<p><a href=\"https:\/\/wepackcolombianfruits.com\/en\/\">Home<\/a> &nbsp; | &nbsp; <a>Privacy policy<\/a><\/p>\r\n\t\t\t\t\t\t\r\n\t\t\t\t\t<\/div>\r\n\r\n\t\t\t\t<\/div>\r\n\r\n\t\t\t<\/div>  \r\n\r\n\t\t<\/div>\r\n\r\n\t\t\t<\/div>\n\t\t\t\t<\/div>\n\t\t\t\t\t<\/div>\n\t\t<\/div>\n\t\t\t\t\t\t\t<\/div>\n\t\t<\/section>\n\t\t\t\t<section class=\"elementor-section elementor-top-section elementor-element elementor-element-a125bb9 elementor-section-boxed elementor-section-height-default elementor-section-height-default\" data-id=\"a125bb9\" data-element_type=\"section\">\n\t\t\t\t\t\t<div class=\"elementor-container elementor-column-gap-default\">\n\t\t\t\t\t<div class=\"elementor-column elementor-col-100 elementor-top-column elementor-element elementor-element-8defb54\" data-id=\"8defb54\" data-element_type=\"column\">\n\t\t\t<div class=\"elementor-widget-wrap elementor-element-populated\">\n\t\t\t\t\t\t\t\t<div class=\"elementor-element elementor-element-0165985 elementor-widget elementor-widget-text-editor\" data-id=\"0165985\" data-element_type=\"widget\" data-widget_type=\"text-editor.default\">\n\t\t\t\t<div class=\"elementor-widget-container\">\n\t\t\t\t\t\t\t<p><span style=\"color: #008000;\">Privacy policy Wepackcolombianfruits.com <\/span><\/p><p>Last updated: march 16, 2023<\/p><ol><li>Introduction<\/li><\/ol><p>Esta Pol\u00edtica de Privacidad explica c\u00f3mo We Pack Colombian Fruits SAS recopila, utiliza y protege los datos personales de los usuarios del sitio web wepackcolombianfruits.com. Al acceder y utilizar el Sitio Web, usted acepta el procesamiento de sus datos personales de acuerdo con esta Pol\u00edtica de Privacidad.<\/p><ol start=\"2\"><li>Information collected<\/li><\/ol><p>The Company may collect and process the following information from Users:<\/p><p>to. Information provided voluntarily by filling in forms on the Website, such as your name, email address, phone number, and any other information that the User decides to provide.<\/p><p>b. Technical information, such as IP address, browser type, geographic location, operating system and other details about the device used to access the Website.<\/p><p>c. usage Information, such as the pages visited, the duration of the visit and other data related to the User&#039;s interaction with the Web Site.<\/p><ol start=\"3\"><li>Use of information<\/li><\/ol><p>The Company uses the collected information for the following purposes:<\/p><p>to. Respond to inquiries and requests from the Users.<\/p><p>b. To improve the quality and functionality of the Website.<\/p><p>c. Analyze the use of the Website and to understand the preferences and needs of the Users.<\/p><p>d. Comply with our legal and regulatory obligations.<\/p><ol start=\"4\"><li>Disclosure of information<\/li><\/ol><p>The Company does not sell or share the personal information of Users with third parties for marketing purposes. However, the Company may share personal information with:<\/p><p>to. Service providers that help us to operate and maintain the Website.<\/p><p>b. Legal authorities, regulatory or other government, when necessary to comply with the law or protect our rights or those of third parties.<\/p><ol start=\"5\"><li>Information security<\/li><\/ol><p>The Company implements technical and organisational measures to protect personal information of Users against unauthorized access, disclosure, alteration or destruction. However, no data transmission over the Internet can guarantee absolute security. Therefore, while we strive to protect your information, we cannot guarantee its complete security.<\/p><ol start=\"6\"><li>Retention of data<\/li><\/ol><p>The Company shall retain personal information of Users only for the time necessary to fulfill the purposes outlined in this Privacy Policy, unless the law requires or permits a longer retention period.<\/p><ol start=\"7\"><li>Rights of Users<\/li><\/ol><p>Users have the right to access, to rectify, delete or limit the processing of your personal data, as well as to object to the processing and to request the portability of the data. To exercise these rights, Users can get in touch with the Company via the contact information provided in section 9 of this Privacy Policy.<\/p><ol start=\"8\"><li>Changes in the Privacy Policy<\/li><\/ol><p>The Company reserves the right to modify this Privacy Policy at any time and in its sole discretion. Any changes in the Privacy Policy will be effective immediately upon their posting on the Website<\/p>\t\t\t\t\t\t<\/div>\n\t\t\t\t<\/div>\n\t\t\t\t\t<\/div>\n\t\t<\/div>\n\t\t\t\t\t\t\t<\/div>\n\t\t<\/section>\n\t\t\t\t\t\t\t<\/div>","protected":false},"excerpt":{"rendered":"<p>Pol\u00edtica de privacidad Home &nbsp; | &nbsp; Pol\u00edtica de privacidad Pol\u00edtica de Privacidad de Wepackcolombianfruits.com \u00daltima actualizaci\u00f3n: 16 de marzo de 2023 Introducci\u00f3n Esta Pol\u00edtica de Privacidad explica c\u00f3mo We Pack Colombian Fruits SAS recopila, utiliza y protege los datos personales de los usuarios del sitio web wepackcolombianfruits.com. Al acceder y utilizar el Sitio Web, [&hellip;]<\/p>","protected":false},"author":1,"featured_media":0,"parent":0,"menu_order":0,"comment_status":"closed","ping_status":"closed","template":"page-templates\/home.php","meta":{"inline_featured_image":false,"_joinchat":[],"footnotes":""},"class_list":["post-74","page","type-page","status-publish","hentry"],"_links":{"self":[{"href":"https:\/\/wepackcolombianfruits.com\/en\/wp-json\/wp\/v2\/pages\/74","targetHints":{"allow":["GET"]}}],"collection":[{"href":"https:\/\/wepackcolombianfruits.com\/en\/wp-json\/wp\/v2\/pages"}],"about":[{"href":"https:\/\/wepackcolombianfruits.com\/en\/wp-json\/wp\/v2\/types\/page"}],"author":[{"embeddable":true,"href":"https:\/\/wepackcolombianfruits.com\/en\/wp-json\/wp\/v2\/users\/1"}],"replies":[{"embeddable":true,"href":"https:\/\/wepackcolombianfruits.com\/en\/wp-json\/wp\/v2\/comments?post=74"}],"version-history":[{"count":15,"href":"https:\/\/wepackcolombianfruits.com\/en\/wp-json\/wp\/v2\/pages\/74\/revisions"}],"predecessor-version":[{"id":1709,"href":"https:\/\/wepackcolombianfruits.com\/en\/wp-json\/wp\/v2\/pages\/74\/revisions\/1709"}],"wp:attachment":[{"href":"https:\/\/wepackcolombianfruits.com\/en\/wp-json\/wp\/v2\/media?parent=74"}],"curies":[{"name":"wp","href":"https:\/\/api.w.org\/{rel}","templated":true}]}}