{"id":82,"date":"2020-09-18T07:36:56","date_gmt":"2020-09-18T07:36:56","guid":{"rendered":"https:\/\/shtheme.org\/demosd\/agroly\/?page_id=82"},"modified":"2025-07-04T21:59:01","modified_gmt":"2025-07-04T21:59:01","slug":"contacto","status":"publish","type":"page","link":"https:\/\/wepackcolombianfruits.com\/en\/contacto\/","title":{"rendered":"Contactanos"},"content":{"rendered":"<div data-elementor-type=\"wp-post\" data-elementor-id=\"82\" class=\"elementor elementor-82\" data-elementor-post-type=\"page\">\n\t\t\t\t\t\t\t\t\t<section class=\"elementor-section elementor-top-section elementor-element elementor-element-c2fca41 elementor-section-full_width elementor-section-height-default elementor-section-height-default\" data-id=\"c2fca41\" data-element_type=\"section\">\n\t\t\t\t\t\t<div class=\"elementor-container elementor-column-gap-no\">\n\t\t\t\t\t<div class=\"elementor-column elementor-col-100 elementor-top-column elementor-element elementor-element-699bf0e\" data-id=\"699bf0e\" data-element_type=\"column\">\n\t\t\t<div class=\"elementor-widget-wrap elementor-element-populated\">\n\t\t\t\t\t\t\t\t<div class=\"elementor-element elementor-element-23d6994 elementor-align-left elementor-widget elementor-widget-about-page-header\" data-id=\"23d6994\" data-element_type=\"widget\" data-widget_type=\"about-page-header.default\">\n\t\t\t\t<div class=\"elementor-widget-container\">\n\t\t\t\r\n\t\t\t\t<div class=\"pages-hero\" style=\"background-image: url(https:\/\/wepackcolombianfruits.com\/wp-content\/uploads\/2023\/01\/work.png);\">\r\n\t\t\r\n\t\t\t<div class=\"container\">\r\n\r\n\t\t\t\t<div class=\"pages-title\">\r\n\r\n\t\t\t\t\t\t\t\t\t\t<h1>Contact us<\/h1>\r\n\t\t\t\t\t\r\n\t\t\t\t\t<div class=\"page-nav\">\r\n\r\n\t\t\t\t\t\t\t\t\t\t\t\t\t<p><a href=\"https:\/\/wepackcolombianfruits.com\/en\/\">Home<\/a> &nbsp; | &nbsp; <a>Contact us<\/a><\/p>\r\n\t\t\t\t\t\t\r\n\t\t\t\t\t<\/div>\r\n\r\n\t\t\t\t<\/div>\r\n\r\n\t\t\t<\/div>  \r\n\r\n\t\t<\/div>\r\n\r\n\t\t\t<\/div>\n\t\t\t\t<\/div>\n\t\t\t\t\t<\/div>\n\t\t<\/div>\n\t\t\t\t\t\t\t<\/div>\n\t\t<\/section>\n\t\t\t\t<section class=\"elementor-section elementor-top-section elementor-element elementor-element-94a78b9 elementor-section-full_width elementor-section-height-default elementor-section-height-default\" data-id=\"94a78b9\" data-element_type=\"section\">\n\t\t\t\t\t\t<div class=\"elementor-container elementor-column-gap-no\">\n\t\t\t\t\t<div class=\"elementor-column elementor-col-100 elementor-top-column elementor-element elementor-element-9041f8d\" data-id=\"9041f8d\" data-element_type=\"column\">\n\t\t\t<div class=\"elementor-widget-wrap elementor-element-populated\">\n\t\t\t\t\t\t\t\t<div class=\"elementor-element elementor-element-7d055af elementor-align-left elementor-widget elementor-widget-contact-page-address\" data-id=\"7d055af\" data-element_type=\"widget\" data-widget_type=\"contact-page-address.default\">\n\t\t\t\t<div class=\"elementor-widget-container\">\n\t\t\t\r\n\t\t<div class=\"container mt-5 mb-5\">\r\n            <div class=\"row\">\r\n            \t                <div class=\"col-lg-4\">\r\n                    <div class=\"contact-box-layer\">\r\n                    \t                        <i class=\"fas fa-map-marker-alt\"><\/i>\r\n                                                <div class=\"sb-caption\">\r\n                        \t                            <h4>Address<\/h4>\r\n                                                                                    <p>Race 4 # 44-135 B\/ Santa Ana\nCartago, Valle del cauca - Colombia<\/p>\r\n                                                    <\/div>\r\n                    <\/div>\r\n                <\/div>\r\n                                <div class=\"col-lg-4\">\r\n                    <div class=\"contact-box-layer\">\r\n                    \t                        <i class=\"fas fa-phone-alt\"><\/i>\r\n                                                <div class=\"sb-caption\">\r\n                        \t                            <h4>Phone<\/h4>\r\n                                                                                    <p>+57 310-509-5043<br \/><\/p>\r\n                                                    <\/div>\r\n                    <\/div>\r\n                <\/div>\r\n                                <div class=\"col-lg-4\">\r\n                    <div class=\"contact-box-layer\">\r\n                    \t                        <i class=\"fas fa-envelope\"><\/i>\r\n                                                <div class=\"sb-caption\">\r\n                        \t                            <h4>E-mail<\/h4>\r\n                                                                                    <p>info@wepackcolombianfruits.com<br \/><\/p>\r\n                                                    <\/div>\r\n                    <\/div>\r\n                <\/div>\r\n                            <\/div>\r\n        <\/div>\r\n\r\n\t\t\t<\/div>\n\t\t\t\t<\/div>\n\t\t\t\t\t<\/div>\n\t\t<\/div>\n\t\t\t\t\t\t\t<\/div>\n\t\t<\/section>\n\t\t\t\t<section class=\"elementor-section elementor-top-section elementor-element elementor-element-bbc648a elementor-section-full_width elementor-section-height-default elementor-section-height-default\" data-id=\"bbc648a\" data-element_type=\"section\">\n\t\t\t\t\t\t<div class=\"elementor-container elementor-column-gap-no\">\n\t\t\t\t\t<div class=\"elementor-column elementor-col-100 elementor-top-column elementor-element elementor-element-703b81f\" data-id=\"703b81f\" data-element_type=\"column\">\n\t\t\t<div class=\"elementor-widget-wrap elementor-element-populated\">\n\t\t\t\t\t\t\t\t<div class=\"elementor-element elementor-element-0b86658 elementor-align-left elementor-widget elementor-widget-contact-page-contact\" data-id=\"0b86658\" data-element_type=\"widget\" data-widget_type=\"contact-page-contact.default\">\n\t\t\t\t<div class=\"elementor-widget-container\">\n\t\t\t\r\n\t\t<div class=\"wrapper-form mt-5\">\r\n            <div class=\"container\">\r\n                <div class=\"layer-title text-center\">\r\n                \t\t                \t<h2>Us <span class=\"light-text\">your message<\/span><\/h2>\r\n\t                \t                \t\t                <p>Requests, complaints, claims and suggestions<\/p>\r\n\t\t                            <\/div>\r\n                <div class=\"row\">\r\n                \t                    <div class=\"col-md-8\">\r\n                        \n<div class=\"wpcf7 no-js\" id=\"wpcf7-f117-o1\" lang=\"en-US\" dir=\"ltr\">\n<div class=\"screen-reader-response\"><p role=\"status\" aria-live=\"polite\" aria-atomic=\"true\"><\/p> <ul><\/ul><\/div>\n<form action=\"\/en\/wp-json\/wp\/v2\/pages\/82#wpcf7-f117-o1\" method=\"post\" class=\"wpcf7-form init\" aria-label=\"Contact form\" novalidate=\"novalidate\" data-status=\"init\" data-trp-original-action=\"\/en\/wp-json\/wp\/v2\/pages\/82#wpcf7-f117-o1\">\n<div style=\"display: none;\">\n<input type=\"hidden\" name=\"_wpcf7\" value=\"117\" \/>\n<input type=\"hidden\" name=\"_wpcf7_version\" value=\"5.8.4\" \/>\n<input type=\"hidden\" name=\"_wpcf7_locale\" value=\"en_US\" \/>\n<input type=\"hidden\" name=\"_wpcf7_unit_tag\" value=\"wpcf7-f117-o1\" \/>\n<input type=\"hidden\" name=\"_wpcf7_container_post\" value=\"0\" \/>\n<input type=\"hidden\" name=\"_wpcf7_posted_data_hash\" value=\"\" \/>\n<\/div>\n<div id=\"contact-form\">\n\t<div class=\"messages\">\n\t<\/div>\n\t<div class=\"controls\">\n\t\t<div class=\"row\">\n\t\t\t<div class=\"col-md-6\">\n\t\t\t\t<div class=\"form-group\">\n\t\t\t\t\t<p><span class=\"wpcf7-form-control-wrap\" data-name=\"your-name\"><input size=\"40\" class=\"wpcf7-form-control wpcf7-text wpcf7-validates-as-required form-control customize\" id=\"form_name\" aria-required=\"true\" aria-invalid=\"false\" placeholder=\"Name\" value=\"\" type=\"text\" name=\"your-name\" \/><\/span>\n\t\t\t\t\t<\/p>\n\t\t\t\t\t<div\n                        class=\"help-block with-errors\">\n\t\t\t\t\t<\/div>\n\t\t\t\t<\/div>\n\t\t\t<\/div>\n\t\t\t<div class=\"col-md-6\">\n\t\t\t\t<div class=\"form-group\">\n\t\t\t\t\t<p><span class=\"wpcf7-form-control-wrap\" data-name=\"your-email\"><input size=\"40\" class=\"wpcf7-form-control wpcf7-email wpcf7-validates-as-required wpcf7-text wpcf7-validates-as-email form-control customize\" id=\"form_email\" aria-required=\"true\" aria-invalid=\"false\" placeholder=\"E-mail\" value=\"\" type=\"email\" name=\"your-email\" \/><\/span>\n\t\t\t\t\t<\/p>\n\t\t\t\t\t<div\n                        class=\"help-block with-errors\">\n\t\t\t\t\t<\/div>\n\t\t\t\t<\/div>\n\t\t\t<\/div>\n\t\t\t<div class=\"col-md-12\">\n\t\t\t\t<div class=\"form-group\">\n\t\t\t\t\t<p><span class=\"wpcf7-form-control-wrap\" data-name=\"your-phone\"><input size=\"40\" class=\"wpcf7-form-control wpcf7-tel wpcf7-text wpcf7-validates-as-tel form-control customize\" id=\"form_phone\" aria-invalid=\"false\" placeholder=\"Phone\" value=\"\" type=\"tel\" name=\"your-phone\" \/><\/span>\n\t\t\t\t\t<\/p>\n\t\t\t\t\t<div class=\"help-block with-errors\">\n\t\t\t\t\t<\/div>\n\t\t\t\t<\/div>\n\t\t\t<\/div>\n\t\t\t<div class=\"col-md-12\">\n\t\t\t\t<div class=\"form-group\">\n\t\t\t\t\t<p><span class=\"wpcf7-form-control-wrap\" data-name=\"your-subject\"><input size=\"40\" class=\"wpcf7-form-control wpcf7-text wpcf7-validates-as-required form-control customize\" id=\"form_subject\" aria-required=\"true\" aria-invalid=\"false\" placeholder=\"Subject\" value=\"\" type=\"text\" name=\"your-subject\" \/><\/span>\n\t\t\t\t\t<\/p>\n\t\t\t\t\t<div class=\"help-block with-errors\">\n\t\t\t\t\t<\/div>\n\t\t\t\t<\/div>\n\t\t\t<\/div>\n\t\t\t<div class=\"col-md-12\">\n\t\t\t\t<div class=\"form-group\">\n\t\t\t\t\t<p><span class=\"wpcf7-form-control-wrap\" data-name=\"your-message\"><textarea cols=\"40\" rows=\"10\" class=\"wpcf7-form-control wpcf7-textarea wpcf7-validates-as-required form-control customize\" id=\"form_message\" aria-required=\"true\" aria-invalid=\"false\" placeholder=\"Message\" name=\"your-message\"><\/textarea><\/span>\n\t\t\t\t\t<\/p>\n\t\t\t\t\t<div class=\"help-block with-errors\">\n\t\t\t\t\t<\/div>\n\t\t\t\t<\/div>\n\t\t\t<\/div>\n\t\t<\/div>\n\t\t<div class=\"row\">\n\t\t\t<div class=\"col-md-12 btn-send\">\n\t\t\t\t<p><input class=\"wpcf7-form-control wpcf7-submit has-spinner btn btn-contact button\" type=\"submit\" value=\"Send message\" \/>\n\t\t\t\t<\/p>\n\t\t\t<\/div>\n\t\t<\/div>\n\t<\/div>\n<\/div><div class=\"wpcf7-response-output\" aria-hidden=\"true\"><\/div>\n<input type=\"hidden\" name=\"trp-form-language\" value=\"en\"\/><\/form>\n<\/div>\n                    <\/div>\r\n                                    <\/div>\r\n            <\/div>\r\n        <\/div>\r\n\r\n\t\t\t<\/div>\n\t\t\t\t<\/div>\n\t\t\t\t\t<\/div>\n\t\t<\/div>\n\t\t\t\t\t\t\t<\/div>\n\t\t<\/section>\n\t\t\t\t<section class=\"elementor-section elementor-top-section elementor-element elementor-element-840da5c elementor-section-boxed elementor-section-height-default elementor-section-height-default\" data-id=\"840da5c\" data-element_type=\"section\">\n\t\t\t\t\t\t<div class=\"elementor-container elementor-column-gap-default\">\n\t\t\t\t\t<div class=\"elementor-column elementor-col-100 elementor-top-column elementor-element elementor-element-20a500a\" data-id=\"20a500a\" data-element_type=\"column\">\n\t\t\t<div class=\"elementor-widget-wrap elementor-element-populated\">\n\t\t\t\t\t\t\t\t<div class=\"elementor-element elementor-element-5cb7edf elementor-align-center elementor-widget elementor-widget-contact-page-map\" data-id=\"5cb7edf\" data-element_type=\"widget\" data-widget_type=\"contact-page-map.default\">\n\t\t\t\t<div class=\"elementor-widget-container\">\n\t\t\t\r\n\t\t\t\t<div class=\"bottom-map\">\r\n            <iframe src=\"https:\/\/www.google.com\/maps\/d\/embed?mid=1NUD6rfqtJmDOPhakb5W19rVGmgUlRVw&amp;ehbc=2E312F\" class=\"map-iframe-alt\"><\/iframe>\r\n        <\/div>\r\n        \r\n\t\t\t<\/div>\n\t\t\t\t<\/div>\n\t\t\t\t\t<\/div>\n\t\t<\/div>\n\t\t\t\t\t\t\t<\/div>\n\t\t<\/section>\n\t\t\t\t\t\t\t<\/div>","protected":false},"excerpt":{"rendered":"<p>Cont\u00e1ctenos Home &nbsp; | &nbsp; Cont\u00e1ctenos Direcci\u00f3n Carrera 4 # 44-135 B\/ Santa Ana Cartago, Valle del cauca &#8211; Colombia Telefono +57 310-509-5043 Correo electr\u00f3nico info@wepackcolombianfruits.com Env\u00edanos tu mensaje Peticiones, quejas, reclamos y sugerencias<\/p>","protected":false},"author":1,"featured_media":0,"parent":0,"menu_order":0,"comment_status":"closed","ping_status":"closed","template":"page-templates\/home.php","meta":{"inline_featured_image":false,"_joinchat":[],"footnotes":""},"class_list":["post-82","page","type-page","status-publish","hentry"],"_links":{"self":[{"href":"https:\/\/wepackcolombianfruits.com\/en\/wp-json\/wp\/v2\/pages\/82","targetHints":{"allow":["GET"]}}],"collection":[{"href":"https:\/\/wepackcolombianfruits.com\/en\/wp-json\/wp\/v2\/pages"}],"about":[{"href":"https:\/\/wepackcolombianfruits.com\/en\/wp-json\/wp\/v2\/types\/page"}],"author":[{"embeddable":true,"href":"https:\/\/wepackcolombianfruits.com\/en\/wp-json\/wp\/v2\/users\/1"}],"replies":[{"embeddable":true,"href":"https:\/\/wepackcolombianfruits.com\/en\/wp-json\/wp\/v2\/comments?post=82"}],"version-history":[{"count":25,"href":"https:\/\/wepackcolombianfruits.com\/en\/wp-json\/wp\/v2\/pages\/82\/revisions"}],"predecessor-version":[{"id":1795,"href":"https:\/\/wepackcolombianfruits.com\/en\/wp-json\/wp\/v2\/pages\/82\/revisions\/1795"}],"wp:attachment":[{"href":"https:\/\/wepackcolombianfruits.com\/en\/wp-json\/wp\/v2\/media?parent=82"}],"curies":[{"name":"wp","href":"https:\/\/api.w.org\/{rel}","templated":true}]}}